{"id":3,"date":"2024-04-30T14:43:08","date_gmt":"2024-04-30T14:43:08","guid":{"rendered":"http:\/\/allardemond.com\/?page_id=3"},"modified":"2024-06-23T17:11:42","modified_gmt":"2024-06-23T17:11:42","slug":"privacy-policy","status":"publish","type":"page","link":"https:\/\/allardemond.com\/en\/privacy-policy\/","title":{"rendered":"Privacy Policy"},"content":{"rendered":"<p>[et_pb_section fb_built=&#8221;1&#8243; _builder_version=&#8221;4.16&#8243; global_colors_info=&#8221;{}&#8221;][et_pb_row _builder_version=&#8221;4.16&#8243; background_size=&#8221;initial&#8221; background_position=&#8221;top_left&#8221; background_repeat=&#8221;repeat&#8221; global_colors_info=&#8221;{}&#8221;][et_pb_column type=&#8221;4_4&#8243; _builder_version=&#8221;4.16&#8243; custom_padding=&#8221;|||&#8221; global_colors_info=&#8221;{}&#8221; custom_padding__hover=&#8221;|||&#8221;][et_pb_text _builder_version=&#8221;4.25.0&#8243; background_size=&#8221;initial&#8221; background_position=&#8221;top_left&#8221; background_repeat=&#8221;repeat&#8221; hover_enabled=&#8221;0&#8243; global_colors_info=&#8221;{}&#8221; sticky_enabled=&#8221;0&#8243;]<\/p>\n<div class=\"subvection\">\n<h1>Privacy Policy<\/h1>\n<p>The purpose of this privacy policy is to inform users of our site\u00a0<a href=\"http:\/\/allardemond.com\/\">http:\/\/allardemond.com\/<\/a>\u00a0about the personal data we collect and how we use it.<\/p>\n<p>Allard &amp; Emond inc. complies strictly with Quebec&#8217;s Bill 25 regarding the protection of personal information.<\/p>\n<p>This privacy policy also details our commitment and the measures taken to ensure the security of your personal information:<\/p>\n<ol>\n<li>Types of personal data collected<\/li>\n<li>Use of personal data collected<\/li>\n<li>Data security protocols<\/li>\n<li>Your rights<\/li>\n<\/ol>\n<p><strong>\u00a0<\/strong><\/p>\n<p><strong>Types of personal information collected<\/strong><\/p>\n<p><strong>Data collected automatically<\/strong><\/p>\n<p>When you visit\u00a0<a href=\"http:\/\/allardemond.com\/\">http:\/\/allardemond.com\/<\/a>, we automatically collect information about your device and your interaction with our site via the Google Analytics tool.<\/p>\n<p>This includes the following data:<\/p>\n<ul>\n<li>IP Address<\/li>\n<li>Location<\/li>\n<li>Hardware and software details<\/li>\n<li>Content the user views on our site<\/li>\n<li>Links a user clicks on while visiting the site<\/li>\n<\/ul>\n<p><strong>\u00a0<\/strong><\/p>\n<p><strong>Personal data not collected automatically<\/strong><\/p>\n<p>Your personal data is collected via :<\/p>\n<ul>\n<li>Contact form<\/li>\n<li>Order form<\/li>\n<\/ul>\n<p>This includes the following data:<\/p>\n<ul>\n<li>Name<\/li>\n<li>Mailing address<\/li>\n<li>E-mail address<\/li>\n<li>Phone number<\/li>\n<\/ul>\n<p>&nbsp;<\/p>\n<p><strong>Use of personal information collected<\/strong><\/p>\n<p>Please note that we only collect data that helps us achieve the purpose stated in this privacy policy. We will not collect any additional data without informing you first.<\/p>\n<p>We use this data to:<\/p>\n<ul>\n<li>Execute contracts<\/li>\n<li>Send promotional offers and targeted communications via our newsletter<\/li>\n<li>Perform statistical analyses to improve the site<\/li>\n<li>Track orders<\/li>\n<li>As part of a data security protocol<\/li>\n<\/ul>\n<p>&nbsp;<\/p>\n<p><strong>Safety measures<\/strong><\/p>\n<p>Your data is stored in a secure, controlled environment. We use SSL protocols and robust security measures to prevent unauthorized access.<\/p>\n<p>We will not sell or share your data with third parties except as required by law or in the event of legal proceedings.<\/p>\n<p>We may disclose to any member of our organization such user data as they reasonably require to carry out the purposes set out in this policy.<\/p>\n<p>&nbsp;<\/p>\n<p><strong>International transfer<\/strong><\/p>\n<p>User data may be consulted, processed or collected in the following countries :<\/p>\n<ul>\n<li>Canada<\/li>\n<\/ul>\n<p>&nbsp;<\/p>\n<p><strong>Duration of use of personal data<\/strong><\/p>\n<p>We store personal data for a period of 10 years. We will ensure that users are notified if their data is stored for longer than this period.<\/p>\n<p>&nbsp;<\/p>\n<p><strong>In the event of a data leak<\/strong><\/p>\n<p>In the event of a leak of your personal data, we undertake to keep you and the Commission d&#8217;Acc\u00e8s \u00e0 l&#8217;Information du Qu\u00e9bec informed.<\/p>\n<p>&nbsp;<\/p>\n<p><strong>Your rights\u00a0<\/strong><\/p>\n<p><strong>User rights\u00a0<\/strong><\/p>\n<p>If you are a resident of Quebec, in accordance with Bill 25, you have specific rights regarding your personal data:<\/p>\n<ul>\n<li>Right to be informed<\/li>\n<li>Right of access<\/li>\n<li>Right to rectification<\/li>\n<li>Right to data portability<\/li>\n<\/ul>\n<p>You have the right to object to the use of your data and to withdraw it.<\/p>\n<p>To exercise these rights, please contact our Data Protection Officer:<\/p>\n<p>Address : 2955 Sartelon, St-Laurent (QC) H4R 1E6<\/p>\n<p>Email :\u00a0<a href=\"mailto:allardemond@allardemond.com\">allardemond@allardemond.com<\/a><\/p>\n<p>Telephone : 514-332-6666<\/p>\n<p>Website :\u00a0<a href=\"http:\/\/allardemond.com\/\">http:\/\/allardemond.com\/<\/a><\/p>\n<p><strong>\u00a0<\/strong><\/p>\n<p><strong>Right of access and rectification<\/strong><\/p>\n<p>You may consult, modify or delete your data. To do so, please use the same contact details as above.<\/p>\n<p>&nbsp;<\/p>\n<p><strong>Consent and withdrawal<\/strong><\/p>\n<p>You can visit our site without revealing your identity. However, some features require the collection of personal data. You always have the choice not to provide this information.<\/p>\n<p>&nbsp;<\/p>\n<p><strong>Minors<\/strong><\/p>\n<p>Bill 25 specifies that persons under the age of 14 are considered minors for the purposes of data collection. Their personal information may not be collected from them without the consent of the holder of parental authority or guardian, except where such collection is clearly for the benefit of the minor.<\/p>\n<p>&nbsp;<\/p>\n<p><strong>External links<\/strong><\/p>\n<p>Our site may contain links to other websites. We are not responsible for their privacy practices.<\/p>\n<p>&nbsp;<\/p>\n<p><strong>Contact<\/strong><\/p>\n<p>Our privacy policy was last updated on 01\/01\/2024. If you have any questions about this privacy policy, you can contact us via\u00a0<a href=\"mailto:allardemond@allardemond.com\">allardemond@allardemond.com<\/a>.<\/p>\n<p>By using our\u00a0site\u00a0<a href=\"http:\/\/allardemond.com\/\">http:\/\/allardemond.com\/<\/a>, you agree to the terms of this privacy policy.<\/p>\n<\/div>\n<p>[\/et_pb_text][\/et_pb_column][\/et_pb_row][\/et_pb_section]<\/p>\n","protected":false},"excerpt":{"rendered":"<p>Privacy Policy The purpose of this privacy policy is to inform users of our site\u00a0http:\/\/allardemond.com\/\u00a0about the personal data we collect and how we use it. Allard &amp; Emond inc. complies strictly with Quebec&#8217;s Bill 25 regarding the protection of personal information. This privacy policy also details our commitment and the measures taken to ensure the [&hellip;]<\/p>\n","protected":false},"author":16,"featured_media":0,"parent":0,"menu_order":0,"comment_status":"closed","ping_status":"open","template":"","meta":{"_et_pb_use_builder":"on","_et_pb_old_content":"<!-- wp:heading -->\r\n<h2 class=\"wp-block-heading\">Who we are<\/h2>\r\n<!-- \/wp:heading --><!-- wp:paragraph -->\r\n<p><strong class=\"privacy-policy-tutorial\">Suggested text: <\/strong>Our website address is: http:\/\/allardemond.com.<\/p>\r\n<!-- \/wp:paragraph --><!-- wp:heading -->\r\n<h2 class=\"wp-block-heading\">Comments<\/h2>\r\n<!-- \/wp:heading --><!-- wp:paragraph -->\r\n<p><strong class=\"privacy-policy-tutorial\">Suggested text: <\/strong>When visitors leave comments on the site we collect the data shown in the comments form, and also the visitor\u2019s IP address and browser user agent string to help spam detection.<\/p>\r\n<!-- \/wp:paragraph --><!-- wp:paragraph -->\r\n<p>An anonymized string created from your email address (also called a hash) may be provided to the Gravatar service to see if you are using it. The Gravatar service privacy policy is available here: https:\/\/automattic.com\/privacy\/. After approval of your comment, your profile picture is visible to the public in the context of your comment.<\/p>\r\n<!-- \/wp:paragraph --><!-- wp:heading -->\r\n<h2 class=\"wp-block-heading\">Media<\/h2>\r\n<!-- \/wp:heading --><!-- wp:paragraph -->\r\n<p><strong class=\"privacy-policy-tutorial\">Suggested text: <\/strong>If you upload images to the website, you should avoid uploading images with embedded location data (EXIF GPS) included. Visitors to the website can download and extract any location data from images on the website.<\/p>\r\n<!-- \/wp:paragraph --><!-- wp:heading -->\r\n<h2 class=\"wp-block-heading\">Cookies<\/h2>\r\n<!-- \/wp:heading --><!-- wp:paragraph -->\r\n<p><strong class=\"privacy-policy-tutorial\">Suggested text: <\/strong>If you leave a comment on our site you may opt-in to saving your name, email address and website in cookies. These are for your convenience so that you do not have to fill in your details again when you leave another comment. These cookies will last for one year.<\/p>\r\n<!-- \/wp:paragraph --><!-- wp:paragraph -->\r\n<p>If you visit our login page, we will set a temporary cookie to determine if your browser accepts cookies. This cookie contains no personal data and is discarded when you close your browser.<\/p>\r\n<!-- \/wp:paragraph --><!-- wp:paragraph -->\r\n<p>When you log in, we will also set up several cookies to save your login information and your screen display choices. Login cookies last for two days, and screen options cookies last for a year. If you select \"Remember Me\", your login will persist for two weeks. If you log out of your account, the login cookies will be removed.<\/p>\r\n<!-- \/wp:paragraph --><!-- wp:paragraph -->\r\n<p>If you edit or publish an article, an additional cookie will be saved in your browser. This cookie includes no personal data and simply indicates the post ID of the article you just edited. It expires after 1 day.<\/p>\r\n<!-- \/wp:paragraph --><!-- wp:heading -->\r\n<h2 class=\"wp-block-heading\">Embedded content from other websites<\/h2>\r\n<!-- \/wp:heading --><!-- wp:paragraph -->\r\n<p><strong class=\"privacy-policy-tutorial\">Suggested text: <\/strong>Articles on this site may include embedded content (e.g. videos, images, articles, etc.). Embedded content from other websites behaves in the exact same way as if the visitor has visited the other website.<\/p>\r\n<!-- \/wp:paragraph --><!-- wp:paragraph -->\r\n<p>These websites may collect data about you, use cookies, embed additional third-party tracking, and monitor your interaction with that embedded content, including tracking your interaction with the embedded content if you have an account and are logged in to that website.<\/p>\r\n<!-- \/wp:paragraph --><!-- wp:heading -->\r\n<h2 class=\"wp-block-heading\">Who we share your data with<\/h2>\r\n<!-- \/wp:heading --><!-- wp:paragraph -->\r\n<p><strong class=\"privacy-policy-tutorial\">Suggested text: <\/strong>If you request a password reset, your IP address will be included in the reset email.<\/p>\r\n<!-- \/wp:paragraph --><!-- wp:heading -->\r\n<h2 class=\"wp-block-heading\">How long we retain your data<\/h2>\r\n<!-- \/wp:heading --><!-- wp:paragraph -->\r\n<p><strong class=\"privacy-policy-tutorial\">Suggested text: <\/strong>If you leave a comment, the comment and its metadata are retained indefinitely. This is so we can recognize and approve any follow-up comments automatically instead of holding them in a moderation queue.<\/p>\r\n<!-- \/wp:paragraph --><!-- wp:paragraph -->\r\n<p>For users that register on our website (if any), we also store the personal information they provide in their user profile. All users can see, edit, or delete their personal information at any time (except they cannot change their username). Website administrators can also see and edit that information.<\/p>\r\n<!-- \/wp:paragraph --><!-- wp:heading -->\r\n<h2 class=\"wp-block-heading\">What rights you have over your data<\/h2>\r\n<!-- \/wp:heading --><!-- wp:paragraph -->\r\n<p><strong class=\"privacy-policy-tutorial\">Suggested text: <\/strong>If you have an account on this site, or have left comments, you can request to receive an exported file of the personal data we hold about you, including any data you have provided to us. You can also request that we erase any personal data we hold about you. This does not include any data we are obliged to keep for administrative, legal, or security purposes.<\/p>\r\n<!-- \/wp:paragraph --><!-- wp:heading -->\r\n<h2 class=\"wp-block-heading\">Where your data is sent<\/h2>\r\n<!-- \/wp:heading --><!-- wp:paragraph -->\r\n<p><strong class=\"privacy-policy-tutorial\">Suggested text: <\/strong>Visitor comments may be checked through an automated spam detection service.<\/p>\r\n<!-- \/wp:paragraph -->\r\n<p>\u00a0<\/p>","_et_gb_content_width":"","footnotes":""},"class_list":["post-3","page","type-page","status-publish","hentry"],"yoast_head":"<!-- This site is optimized with the Yoast SEO plugin v27.3 - https:\/\/yoast.com\/product\/yoast-seo-wordpress\/ -->\n<title>Privacy Policy - Allard &amp; Emond<\/title>\n<meta name=\"robots\" content=\"index, follow, max-snippet:-1, max-image-preview:large, max-video-preview:-1\" \/>\n<link rel=\"canonical\" href=\"https:\/\/allardemond.com\/politique-de-confidentialite\/\" \/>\n<meta property=\"og:locale\" content=\"en_US\" \/>\n<meta property=\"og:type\" content=\"article\" \/>\n<meta property=\"og:title\" content=\"Privacy Policy - Allard &amp; Emond\" \/>\n<meta property=\"og:description\" content=\"Privacy Policy The purpose of this privacy policy is to inform users of our site\u00a0http:\/\/allardemond.com\/\u00a0about the personal data we collect and how we use it. Allard &amp; Emond inc. complies strictly with Quebec&#039;s Bill 25 regarding the protection of personal information. This privacy policy also details our commitment and the measures taken to ensure the [&hellip;]\" \/>\n<meta property=\"og:url\" content=\"https:\/\/allardemond.com\/politique-de-confidentialite\/\" \/>\n<meta property=\"og:site_name\" content=\"Allard &amp; Emond\" \/>\n<meta property=\"article:modified_time\" content=\"2024-06-23T17:11:42+00:00\" \/>\n<meta property=\"og:image\" content=\"https:\/\/allardemond.com\/wp-content\/uploads\/2026\/03\/Artboard.png\" \/>\n\t<meta property=\"og:image:width\" content=\"224\" \/>\n\t<meta property=\"og:image:height\" content=\"224\" \/>\n\t<meta property=\"og:image:type\" content=\"image\/png\" \/>\n<meta name=\"twitter:card\" content=\"summary_large_image\" \/>\n<meta name=\"twitter:label1\" content=\"Est. reading time\" \/>\n\t<meta name=\"twitter:data1\" content=\"4 minutes\" \/>\n<script type=\"application\/ld+json\" class=\"yoast-schema-graph\">{\"@context\":\"https:\\\/\\\/schema.org\",\"@graph\":[{\"@type\":\"WebPage\",\"@id\":\"https:\\\/\\\/allardemond.com\\\/politique-de-confidentialite\\\/\",\"url\":\"https:\\\/\\\/allardemond.com\\\/politique-de-confidentialite\\\/\",\"name\":\"Privacy Policy - Allard &amp; Emond\",\"isPartOf\":{\"@id\":\"https:\\\/\\\/allardemond.com\\\/en\\\/#website\"},\"datePublished\":\"2024-04-30T14:43:08+00:00\",\"dateModified\":\"2024-06-23T17:11:42+00:00\",\"breadcrumb\":{\"@id\":\"https:\\\/\\\/allardemond.com\\\/politique-de-confidentialite\\\/#breadcrumb\"},\"inLanguage\":\"en-US\",\"potentialAction\":[{\"@type\":\"ReadAction\",\"target\":[\"https:\\\/\\\/allardemond.com\\\/politique-de-confidentialite\\\/\"]}]},{\"@type\":\"BreadcrumbList\",\"@id\":\"https:\\\/\\\/allardemond.com\\\/politique-de-confidentialite\\\/#breadcrumb\",\"itemListElement\":[{\"@type\":\"ListItem\",\"position\":1,\"name\":\"Home\",\"item\":\"https:\\\/\\\/allardemond.com\\\/en\\\/\"},{\"@type\":\"ListItem\",\"position\":2,\"name\":\"Privacy Policy\"}]},{\"@type\":\"WebSite\",\"@id\":\"https:\\\/\\\/allardemond.com\\\/en\\\/#website\",\"url\":\"https:\\\/\\\/allardemond.com\\\/en\\\/\",\"name\":\"Allard Emond\",\"description\":\"Thermopompe et fournaise Montr\u00e9al et Laval\",\"publisher\":{\"@id\":\"https:\\\/\\\/allardemond.com\\\/en\\\/#organization\"},\"potentialAction\":[{\"@type\":\"SearchAction\",\"target\":{\"@type\":\"EntryPoint\",\"urlTemplate\":\"https:\\\/\\\/allardemond.com\\\/en\\\/?s={search_term_string}\"},\"query-input\":{\"@type\":\"PropertyValueSpecification\",\"valueRequired\":true,\"valueName\":\"search_term_string\"}}],\"inLanguage\":\"en-US\"},{\"@type\":\"Organization\",\"@id\":\"https:\\\/\\\/allardemond.com\\\/en\\\/#organization\",\"name\":\"Allard Emond\",\"url\":\"https:\\\/\\\/allardemond.com\\\/en\\\/\",\"logo\":{\"@type\":\"ImageObject\",\"inLanguage\":\"en-US\",\"@id\":\"https:\\\/\\\/allardemond.com\\\/en\\\/#\\\/schema\\\/logo\\\/image\\\/\",\"url\":\"https:\\\/\\\/allardemond.com\\\/wp-content\\\/uploads\\\/2024\\\/06\\\/ALLARD-EMOND-final-01.png\",\"contentUrl\":\"https:\\\/\\\/allardemond.com\\\/wp-content\\\/uploads\\\/2024\\\/06\\\/ALLARD-EMOND-final-01.png\",\"width\":2398,\"height\":449,\"caption\":\"Allard Emond\"},\"image\":{\"@id\":\"https:\\\/\\\/allardemond.com\\\/en\\\/#\\\/schema\\\/logo\\\/image\\\/\"}}]}<\/script>\n<!-- \/ Yoast SEO plugin. -->","yoast_head_json":{"title":"Privacy Policy - Allard &amp; Emond","robots":{"index":"index","follow":"follow","max-snippet":"max-snippet:-1","max-image-preview":"max-image-preview:large","max-video-preview":"max-video-preview:-1"},"canonical":"https:\/\/allardemond.com\/politique-de-confidentialite\/","og_locale":"en_US","og_type":"article","og_title":"Privacy Policy - Allard &amp; Emond","og_description":"Privacy Policy The purpose of this privacy policy is to inform users of our site\u00a0http:\/\/allardemond.com\/\u00a0about the personal data we collect and how we use it. Allard &amp; Emond inc. complies strictly with Quebec's Bill 25 regarding the protection of personal information. This privacy policy also details our commitment and the measures taken to ensure the [&hellip;]","og_url":"https:\/\/allardemond.com\/politique-de-confidentialite\/","og_site_name":"Allard &amp; Emond","article_modified_time":"2024-06-23T17:11:42+00:00","og_image":[{"width":224,"height":224,"url":"https:\/\/allardemond.com\/wp-content\/uploads\/2026\/03\/Artboard.png","type":"image\/png"}],"twitter_card":"summary_large_image","twitter_misc":{"Est. reading time":"4 minutes"},"schema":{"@context":"https:\/\/schema.org","@graph":[{"@type":"WebPage","@id":"https:\/\/allardemond.com\/politique-de-confidentialite\/","url":"https:\/\/allardemond.com\/politique-de-confidentialite\/","name":"Privacy Policy - Allard &amp; Emond","isPartOf":{"@id":"https:\/\/allardemond.com\/en\/#website"},"datePublished":"2024-04-30T14:43:08+00:00","dateModified":"2024-06-23T17:11:42+00:00","breadcrumb":{"@id":"https:\/\/allardemond.com\/politique-de-confidentialite\/#breadcrumb"},"inLanguage":"en-US","potentialAction":[{"@type":"ReadAction","target":["https:\/\/allardemond.com\/politique-de-confidentialite\/"]}]},{"@type":"BreadcrumbList","@id":"https:\/\/allardemond.com\/politique-de-confidentialite\/#breadcrumb","itemListElement":[{"@type":"ListItem","position":1,"name":"Home","item":"https:\/\/allardemond.com\/en\/"},{"@type":"ListItem","position":2,"name":"Privacy Policy"}]},{"@type":"WebSite","@id":"https:\/\/allardemond.com\/en\/#website","url":"https:\/\/allardemond.com\/en\/","name":"Allard Emond","description":"Thermopompe et fournaise Montr\u00e9al et Laval","publisher":{"@id":"https:\/\/allardemond.com\/en\/#organization"},"potentialAction":[{"@type":"SearchAction","target":{"@type":"EntryPoint","urlTemplate":"https:\/\/allardemond.com\/en\/?s={search_term_string}"},"query-input":{"@type":"PropertyValueSpecification","valueRequired":true,"valueName":"search_term_string"}}],"inLanguage":"en-US"},{"@type":"Organization","@id":"https:\/\/allardemond.com\/en\/#organization","name":"Allard Emond","url":"https:\/\/allardemond.com\/en\/","logo":{"@type":"ImageObject","inLanguage":"en-US","@id":"https:\/\/allardemond.com\/en\/#\/schema\/logo\/image\/","url":"https:\/\/allardemond.com\/wp-content\/uploads\/2024\/06\/ALLARD-EMOND-final-01.png","contentUrl":"https:\/\/allardemond.com\/wp-content\/uploads\/2024\/06\/ALLARD-EMOND-final-01.png","width":2398,"height":449,"caption":"Allard Emond"},"image":{"@id":"https:\/\/allardemond.com\/en\/#\/schema\/logo\/image\/"}}]}},"_links":{"self":[{"href":"https:\/\/allardemond.com\/en\/wp-json\/wp\/v2\/pages\/3","targetHints":{"allow":["GET"]}}],"collection":[{"href":"https:\/\/allardemond.com\/en\/wp-json\/wp\/v2\/pages"}],"about":[{"href":"https:\/\/allardemond.com\/en\/wp-json\/wp\/v2\/types\/page"}],"author":[{"embeddable":true,"href":"https:\/\/allardemond.com\/en\/wp-json\/wp\/v2\/users\/16"}],"replies":[{"embeddable":true,"href":"https:\/\/allardemond.com\/en\/wp-json\/wp\/v2\/comments?post=3"}],"version-history":[{"count":2,"href":"https:\/\/allardemond.com\/en\/wp-json\/wp\/v2\/pages\/3\/revisions"}],"predecessor-version":[{"id":2042,"href":"https:\/\/allardemond.com\/en\/wp-json\/wp\/v2\/pages\/3\/revisions\/2042"}],"wp:attachment":[{"href":"https:\/\/allardemond.com\/en\/wp-json\/wp\/v2\/media?parent=3"}],"curies":[{"name":"wp","href":"https:\/\/api.w.org\/{rel}","templated":true}]}}